{"id":49817,"date":"2023-08-08T13:24:30","date_gmt":"2023-08-08T13:24:30","guid":{"rendered":"http:\/\/flaviaamad.com\/?page_id=49817"},"modified":"2025-02-07T12:32:42","modified_gmt":"2025-02-07T12:32:42","slug":"about","status":"publish","type":"page","link":"https:\/\/flaviaamad.com\/eng\/about\/","title":{"rendered":"About"},"content":{"rendered":"<p><div class=\"fusion-fullwidth fullwidth-box fusion-builder-row-1 fusion-flex-container has-pattern-background has-mask-background fusion-parallax-none hundred-percent-fullwidth non-hundred-percent-height-scrolling\" style=\"--awb-border-radius-top-left:0px;--awb-border-radius-top-right:0px;--awb-border-radius-bottom-right:0px;--awb-border-radius-bottom-left:0px;--awb-padding-top:160px;--awb-padding-right:0px;--awb-padding-bottom:160px;--awb-padding-left:0px;--awb-margin-top:0px;--awb-margin-bottom:0px;--awb-background-image:linear-gradient(180deg, rgba(0,0,0,0.49) 0%,rgba(0,0,0,0.49) 100%),url(http:\/\/flaviaamad.com\/wp-content\/uploads\/2023\/08\/FONDO.jpg);;--awb-background-size:cover;--awb-flex-wrap:wrap;\" ><div class=\"fusion-builder-row fusion-row fusion-flex-align-items-flex-start fusion-flex-content-wrap\" style=\"width:104% !important;max-width:104% !important;margin-left: calc(-4% \/ 2 );margin-right: calc(-4% \/ 2 );\"><div class=\"fusion-layout-column fusion_builder_column fusion-builder-column-0 fusion_builder_column_1_1 1_1 fusion-flex-column\" style=\"--awb-bg-size:cover;--awb-width-large:100%;--awb-margin-top-large:0px;--awb-spacing-right-large:1.92%;--awb-margin-bottom-large:20px;--awb-spacing-left-large:1.92%;--awb-width-medium:100%;--awb-order-medium:0;--awb-spacing-right-medium:1.92%;--awb-spacing-left-medium:1.92%;--awb-width-small:100%;--awb-order-small:0;--awb-spacing-right-small:1.92%;--awb-spacing-left-small:1.92%;\"><div class=\"fusion-column-wrapper fusion-column-has-shadow fusion-flex-justify-content-flex-start fusion-content-layout-column\"><div class=\"fusion-title title fusion-title-1 fusion-sep-none fusion-title-center fusion-title-text fusion-title-size-one\" style=\"--awb-text-color:var(--awb-color1);\"><h1 class=\"fusion-title-heading title-heading-center\" style=\"margin:0;\">About<\/h1><\/div><\/div><\/div><\/div><\/div><div class=\"fusion-fullwidth fullwidth-box fusion-builder-row-2 fusion-flex-container has-pattern-background has-mask-background nonhundred-percent-fullwidth non-hundred-percent-height-scrolling\" style=\"--awb-border-radius-top-left:0px;--awb-border-radius-top-right:0px;--awb-border-radius-bottom-right:0px;--awb-border-radius-bottom-left:0px;--awb-margin-top:100px;--awb-flex-wrap:wrap;\" ><div class=\"fusion-builder-row fusion-row fusion-flex-align-items-flex-start fusion-flex-content-wrap\" style=\"max-width:1248px;margin-left: calc(-4% \/ 2 );margin-right: calc(-4% \/ 2 );\"><div class=\"fusion-layout-column fusion_builder_column fusion-builder-column-1 fusion_builder_column_1_2 1_2 fusion-flex-column\" style=\"--awb-overflow:hidden;--awb-bg-size:cover;--awb-border-radius:100px 0px 0px 0px;--awb-width-large:50%;--awb-margin-top-large:0px;--awb-spacing-right-large:3.84%;--awb-margin-bottom-large:20px;--awb-spacing-left-large:3.84%;--awb-width-medium:100%;--awb-order-medium:0;--awb-spacing-right-medium:1.92%;--awb-spacing-left-medium:1.92%;--awb-width-small:100%;--awb-order-small:0;--awb-spacing-right-small:1.92%;--awb-spacing-left-small:1.92%;\" data-scroll-devices=\"small-visibility,medium-visibility,large-visibility\"><div class=\"fusion-column-wrapper fusion-column-has-shadow fusion-flex-justify-content-flex-start fusion-content-layout-column\"><div class=\"fusion-image-element\" style=\"--awb-caption-title-font-family:var(--h2_typography-font-family);--awb-caption-title-font-weight:var(--h2_typography-font-weight);--awb-caption-title-font-style:var(--h2_typography-font-style);--awb-caption-title-size:var(--h2_typography-font-size);--awb-caption-title-transform:var(--h2_typography-text-transform);--awb-caption-title-line-height:var(--h2_typography-line-height);--awb-caption-title-letter-spacing:var(--h2_typography-letter-spacing);\"><span class=\"fusion-imageframe imageframe-none imageframe-1 hover-type-none\"><img decoding=\"async\" width=\"1707\" height=\"2560\" title=\"_92A0731\" src=\"https:\/\/flaviaamad.com\/wp-content\/uploads\/2023\/08\/92A0731-scaled.jpg\" alt class=\"img-responsive wp-image-49766\" srcset=\"https:\/\/flaviaamad.com\/wp-content\/uploads\/2023\/08\/92A0731-200x300.jpg 200w, https:\/\/flaviaamad.com\/wp-content\/uploads\/2023\/08\/92A0731-400x600.jpg 400w, https:\/\/flaviaamad.com\/wp-content\/uploads\/2023\/08\/92A0731-600x900.jpg 600w, https:\/\/flaviaamad.com\/wp-content\/uploads\/2023\/08\/92A0731-800x1200.jpg 800w, https:\/\/flaviaamad.com\/wp-content\/uploads\/2023\/08\/92A0731-1200x1800.jpg 1200w, https:\/\/flaviaamad.com\/wp-content\/uploads\/2023\/08\/92A0731-scaled.jpg 1707w\" sizes=\"(max-width: 1024px) 100vw, (max-width: 640px) 100vw, 600px\" \/><\/span><\/div><\/div><\/div><div class=\"fusion-layout-column fusion_builder_column fusion-builder-column-2 fusion_builder_column_1_2 1_2 fusion-flex-column\" style=\"--awb-bg-size:cover;--awb-width-large:50%;--awb-margin-top-large:0px;--awb-spacing-right-large:3.84%;--awb-margin-bottom-large:20px;--awb-spacing-left-large:3.84%;--awb-width-medium:100%;--awb-order-medium:0;--awb-spacing-right-medium:1.92%;--awb-spacing-left-medium:1.92%;--awb-width-small:100%;--awb-order-small:0;--awb-spacing-right-small:1.92%;--awb-spacing-left-small:1.92%;\"><div class=\"fusion-column-wrapper fusion-column-has-shadow fusion-flex-justify-content-flex-start fusion-content-layout-column\"><div class=\"fusion-text fusion-text-1\" style=\"--awb-text-color:var(--awb-color6);\"><p>Flavia Amad, chef argentina que se ha ganado un lugar en la vanguardia gastron\u00f3mica de Mendoza, descubri\u00f3 su inclinaci\u00f3n por la cocina a trav\u00e9s de los fogones de su abuela. Desde ni\u00f1a, hab\u00eda sentido la necesidad de expandir sus horizontes, y la cocina internacional era el destino que imaginaba. Luego de finalizar sus estudios en turismo y gastronom\u00eda, su primer contacto con el mundo de la gastronom\u00eda fue en el Hyatt de Mendoza, donde trabaj\u00f3 en hospitalidad.<br \/>\nSin embargo, la sensaci\u00f3n de que algo faltaba la llev\u00f3 a mudarse a Nueva York, donde se form\u00f3 en Le Cordon Bleu y obtuvo su t\u00edtulo en artes culinarias con honores. La escuela fue su primer puente con el mundo profesional, al conseguirle un puesto en 5ninth, un restaurante en el Meatpacking District. All\u00ed estuvo dos a\u00f1os, bajo la tutela de Daniel Parilla, chef de un estilo exigente y desafiante. Luego, se uni\u00f3 a Minetta Tavern, donde afianz\u00f3 su rol como pastelera junto a Jhonny Iuzzini, pastry chef ejecutivo. Durante su tiempo en este restaurante, alcanz\u00f3 su primera estrella Michelin.<br \/>\nAprovechando las conexiones en la industria, Flavia trabaj\u00f3 junto a chefs de renombre y fue en ese entorno donde conoci\u00f3 a Riad Nasr, su mentor, quien la orient\u00f3 hacia la b\u00fasqueda de la autenticidad en su cocina. Despu\u00e9s de dos a\u00f1os y medio en Nueva York, decidi\u00f3 regresar a Mendoza, su tierra natal, donde continu\u00f3 explorando los sabores locales con la t\u00e9cnica que hab\u00eda adquirido. All\u00ed, asumi\u00f3 la direcci\u00f3n de la empresa gastron\u00f3mica que fund\u00f3 con Jes\u00fas, su socio. En seis meses, acept\u00f3 el puesto de Gerente General, y en los siguientes cinco a\u00f1os lograron expandir el negocio a ocho proyectos.<br \/>\nHoy, Flavia lidera como chef ejecutiva en Osad\u00eda, dentro de la bodega Susana Balbo, y es responsable del fine dining \u00abLa Vida\u00bb en Susana Balbo Unique Stays. Su trabajo la posiciona como una de las voces emergentes de la gastronom\u00eda argentina, con un enfoque particular en la innovaci\u00f3n y en la gesti\u00f3n de la hospitalidad desde una perspectiva de g\u00e9nero.<\/p>\n<\/div><\/div><\/div><\/div><\/div><\/p>","protected":false},"excerpt":{"rendered":"","protected":false},"author":2,"featured_media":49766,"parent":0,"menu_order":0,"comment_status":"closed","ping_status":"closed","template":"100-width.php","meta":{"footnotes":""},"class_list":["post-49817","page","type-page","status-publish","has-post-thumbnail","hentry"],"_links":{"self":[{"href":"https:\/\/flaviaamad.com\/eng\/wp-json\/wp\/v2\/pages\/49817","targetHints":{"allow":["GET"]}}],"collection":[{"href":"https:\/\/flaviaamad.com\/eng\/wp-json\/wp\/v2\/pages"}],"about":[{"href":"https:\/\/flaviaamad.com\/eng\/wp-json\/wp\/v2\/types\/page"}],"author":[{"embeddable":true,"href":"https:\/\/flaviaamad.com\/eng\/wp-json\/wp\/v2\/users\/2"}],"replies":[{"embeddable":true,"href":"https:\/\/flaviaamad.com\/eng\/wp-json\/wp\/v2\/comments?post=49817"}],"version-history":[{"count":0,"href":"https:\/\/flaviaamad.com\/eng\/wp-json\/wp\/v2\/pages\/49817\/revisions"}],"wp:featuredmedia":[{"embeddable":true,"href":"https:\/\/flaviaamad.com\/eng\/wp-json\/wp\/v2\/media\/49766"}],"wp:attachment":[{"href":"https:\/\/flaviaamad.com\/eng\/wp-json\/wp\/v2\/media?parent=49817"}],"curies":[{"name":"wp","href":"https:\/\/api.w.org\/{rel}","templated":true}]}}